{"id":1278,"date":"2023-07-14T09:53:17","date_gmt":"2023-07-14T07:53:17","guid":{"rendered":"https:\/\/easyweb.ee\/visa\/travel-tips\/"},"modified":"2023-09-27T15:19:39","modified_gmt":"2023-09-27T13:19:39","slug":"nouandeid","status":"publish","type":"page","link":"https:\/\/evisaoffers.com\/et\/nouandeid\/","title":{"rendered":"N\u00f5uandeid"},"content":{"rendered":"","protected":false},"excerpt":{"rendered":"","protected":false},"author":1,"featured_media":0,"parent":0,"menu_order":0,"comment_status":"closed","ping_status":"closed","template":"","meta":{"_acf_changed":false,"_seopress_robots_primary_cat":"","_seopress_titles_title":"N\u00f5uanded","_seopress_titles_desc":"Jagame v\u00e4\u00e4rtuslikke reisin\u00f5uandeid Evisa Offers blogist. Soovid kasulikke juhendeid ja artikleid, mis teevad reisiplaneerimise lihtsamaks? Siis siit leiad neid!","_seopress_robots_index":"","footnotes":""},"class_list":["post-1278","page","type-page","status-publish","hentry"],"acf":[],"_links":{"self":[{"href":"https:\/\/evisaoffers.com\/et\/wp-json\/wp\/v2\/pages\/1278","targetHints":{"allow":["GET"]}}],"collection":[{"href":"https:\/\/evisaoffers.com\/et\/wp-json\/wp\/v2\/pages"}],"about":[{"href":"https:\/\/evisaoffers.com\/et\/wp-json\/wp\/v2\/types\/page"}],"author":[{"embeddable":true,"href":"https:\/\/evisaoffers.com\/et\/wp-json\/wp\/v2\/users\/1"}],"replies":[{"embeddable":true,"href":"https:\/\/evisaoffers.com\/et\/wp-json\/wp\/v2\/comments?post=1278"}],"version-history":[{"count":4,"href":"https:\/\/evisaoffers.com\/et\/wp-json\/wp\/v2\/pages\/1278\/revisions"}],"predecessor-version":[{"id":1485,"href":"https:\/\/evisaoffers.com\/et\/wp-json\/wp\/v2\/pages\/1278\/revisions\/1485"}],"wp:attachment":[{"href":"https:\/\/evisaoffers.com\/et\/wp-json\/wp\/v2\/media?parent=1278"}],"curies":[{"name":"wp","href":"https:\/\/api.w.org\/{rel}","templated":true}]}}