{"id":1277,"date":"2023-07-14T09:11:01","date_gmt":"2023-07-14T07:11:01","guid":{"rendered":"https:\/\/easyweb.ee\/visa\/frequently-asked-questions\/"},"modified":"2024-01-18T13:12:26","modified_gmt":"2024-01-18T11:12:26","slug":"kkk","status":"publish","type":"page","link":"https:\/\/evisaoffers.com\/et\/kkk\/","title":{"rendered":"Korduma kippuvad k\u00fcsimused"},"content":{"rendered":"","protected":false},"excerpt":{"rendered":"","protected":false},"author":1,"featured_media":0,"parent":0,"menu_order":0,"comment_status":"closed","ping_status":"closed","template":"","meta":{"_acf_changed":false,"_seopress_robots_primary_cat":"","_seopress_titles_title":"Korduma kippuvad k\u00fcsimused","_seopress_titles_desc":"Kas teil on k\u00fcsimusi meie viisa taotlemise protsessi kohta? Siit leiate vastused meie korduma kippuvatele k\u00fcsimustele.","_seopress_robots_index":"","footnotes":""},"class_list":["post-1277","page","type-page","status-publish","hentry"],"acf":[],"_links":{"self":[{"href":"https:\/\/evisaoffers.com\/et\/wp-json\/wp\/v2\/pages\/1277","targetHints":{"allow":["GET"]}}],"collection":[{"href":"https:\/\/evisaoffers.com\/et\/wp-json\/wp\/v2\/pages"}],"about":[{"href":"https:\/\/evisaoffers.com\/et\/wp-json\/wp\/v2\/types\/page"}],"author":[{"embeddable":true,"href":"https:\/\/evisaoffers.com\/et\/wp-json\/wp\/v2\/users\/1"}],"replies":[{"embeddable":true,"href":"https:\/\/evisaoffers.com\/et\/wp-json\/wp\/v2\/comments?post=1277"}],"version-history":[{"count":9,"href":"https:\/\/evisaoffers.com\/et\/wp-json\/wp\/v2\/pages\/1277\/revisions"}],"predecessor-version":[{"id":1849,"href":"https:\/\/evisaoffers.com\/et\/wp-json\/wp\/v2\/pages\/1277\/revisions\/1849"}],"wp:attachment":[{"href":"https:\/\/evisaoffers.com\/et\/wp-json\/wp\/v2\/media?parent=1277"}],"curies":[{"name":"wp","href":"https:\/\/api.w.org\/{rel}","templated":true}]}}