{"id":1276,"date":"2023-03-14T17:03:09","date_gmt":"2023-03-14T15:03:09","guid":{"rendered":"https:\/\/easyweb.ee\/visa\/contact-us\/"},"modified":"2024-01-18T13:36:03","modified_gmt":"2024-01-18T11:36:03","slug":"kontakt","status":"publish","type":"page","link":"https:\/\/evisaoffers.com\/et\/kontakt\/","title":{"rendered":"Kontakt"},"content":{"rendered":"","protected":false},"excerpt":{"rendered":"","protected":false},"author":1,"featured_media":0,"parent":0,"menu_order":0,"comment_status":"closed","ping_status":"closed","template":"","meta":{"_acf_changed":false,"_seopress_robots_primary_cat":"","_seopress_titles_title":"Kontakt","_seopress_titles_desc":"Oma e-viisavajaduste osas p\u00f6\u00f6rduge Evisa Offersi poole. Omades rohkem kui k\u00fcmne aastast kogemust, oleme alati valmis, et teid aidata viisa taotlemisel.","_seopress_robots_index":"","footnotes":""},"class_list":["post-1276","page","type-page","status-publish","hentry"],"acf":[],"_links":{"self":[{"href":"https:\/\/evisaoffers.com\/et\/wp-json\/wp\/v2\/pages\/1276","targetHints":{"allow":["GET"]}}],"collection":[{"href":"https:\/\/evisaoffers.com\/et\/wp-json\/wp\/v2\/pages"}],"about":[{"href":"https:\/\/evisaoffers.com\/et\/wp-json\/wp\/v2\/types\/page"}],"author":[{"embeddable":true,"href":"https:\/\/evisaoffers.com\/et\/wp-json\/wp\/v2\/users\/1"}],"replies":[{"embeddable":true,"href":"https:\/\/evisaoffers.com\/et\/wp-json\/wp\/v2\/comments?post=1276"}],"version-history":[{"count":8,"href":"https:\/\/evisaoffers.com\/et\/wp-json\/wp\/v2\/pages\/1276\/revisions"}],"predecessor-version":[{"id":1853,"href":"https:\/\/evisaoffers.com\/et\/wp-json\/wp\/v2\/pages\/1276\/revisions\/1853"}],"wp:attachment":[{"href":"https:\/\/evisaoffers.com\/et\/wp-json\/wp\/v2\/media?parent=1276"}],"curies":[{"name":"wp","href":"https:\/\/api.w.org\/{rel}","templated":true}]}}